{"id":485,"date":"2026-02-20T11:52:49","date_gmt":"2026-02-20T10:52:49","guid":{"rendered":"https:\/\/sadreseda.fr\/?page_id=485"},"modified":"2026-02-20T16:45:10","modified_gmt":"2026-02-20T15:45:10","slug":"offre-aes","status":"publish","type":"page","link":"https:\/\/sadreseda.fr\/index.php\/offre-aes\/","title":{"rendered":"offre AES"},"content":{"rendered":"\t\t<div data-elementor-type=\"wp-page\" data-elementor-id=\"485\" class=\"elementor elementor-485\" data-elementor-post-type=\"page\">\n\t\t\t\t<div class=\"elementor-element elementor-element-33815f9 e-flex e-con-boxed e-con e-parent\" data-id=\"33815f9\" data-element_type=\"container\" data-e-type=\"container\">\n\t\t\t\t\t<div class=\"e-con-inner\">\n\t\t\t\t<div class=\"elementor-element elementor-element-0d34961 elementor-widget elementor-widget-heading\" data-id=\"0d34961\" data-element_type=\"widget\" data-e-type=\"widget\" data-widget_type=\"heading.default\">\n\t\t\t\t<div class=\"elementor-widget-container\">\n\t\t\t\t\t<h1 class=\"elementor-heading-title elementor-size-default\">AES dipl\u00f4m\u00e9(e)-145H<\/h1>\t\t\t\t<\/div>\n\t\t\t\t<\/div>\n\t\t<div class=\"elementor-element elementor-element-211d792 e-con-full e-flex e-con e-child\" data-id=\"211d792\" data-element_type=\"container\" data-e-type=\"container\">\n\t\t\t\t<div class=\"elementor-element elementor-element-0e99182 elementor-widget elementor-widget-text-editor\" data-id=\"0e99182\" data-element_type=\"widget\" data-e-type=\"widget\" data-widget_type=\"text-editor.default\">\n\t\t\t\t<div class=\"elementor-widget-container\">\n\t\t\t\t\t\t\t\t\t<h3>Prise de poste d\u00e8s que possible\u00a0 \u00a0 \u00a0 \u00a0 \u00a0 \u00a0<\/h3>\t\t\t\t\t\t\t\t<\/div>\n\t\t\t\t<\/div>\n\t\t<div class=\"elementor-element elementor-element-0e714b1 e-con-full e-flex e-con e-child\" data-id=\"0e714b1\" data-element_type=\"container\" data-e-type=\"container\">\n\t\t\t\t<div class=\"elementor-element elementor-element-7a2bae8 elementor-widget elementor-widget-text-editor\" data-id=\"7a2bae8\" data-element_type=\"widget\" data-e-type=\"widget\" data-widget_type=\"text-editor.default\">\n\t\t\t\t<div class=\"elementor-widget-container\">\n\t\t\t\t\t\t\t\t\t<p>Titulaire du dipl\u00f4me d\u2019Etat d\u2019Accompagnant Educatif et Social, vous souhaitez travailler en autonomie et rejoindre une \u00e9quipe dynamique, qui vous appuiera \u00e0 votre prise de fonction et au-del\u00e0.<\/p><p>Implant\u00e9 sur les communes de Perpignan et de P\u00e9zilla-la-Rivi\u00e8re, le SAAD RESEDA intervient en soutien des situations de fragilit\u00e9 : personnes \u00e2g\u00e9es, adultes et enfants porteurs de handicap, familles pr\u00e9sentant des difficult\u00e9s temporaires, personnes victimes d\u2019un accident de la vie.<\/p><p>L\u2019AES intervient au quotidien au domicile des b\u00e9n\u00e9ficiaires et leur apporte une assistance individualis\u00e9e visant leur maintien \u00e0 domicile, au c\u0153ur de leur environnement familier et affectif.<\/p><p>Vous avez le go\u00fbt pour les contacts humains, des aptitudes relationnelles certaines et vous cherchez des missions riches de sens, le poste est pour vous.<\/p><p>Des perspectives de formation et d\u2019\u00e9volution dans votre parcours professionnel sont \u00e9galement au rendez-vous.<\/p><p><strong>Pr\u00e9-requis :\u00a0<\/strong><\/p><p>DE AES.\u00a0 \u00a0 \u00a0 \u00a0 \u00a0 \u00a0 \u00a0 \u00a0 \u00a0 \u00a0 \u00a0 \u00a0 \u00a0 \u00a0 \u00a0 \u00a0 \u00a0 \u00a0 \u00a0 \u00a0 \u00a0 \u00a0 \u00a0 \u00a0 \u00a0 \u00a0 \u00a0 \u00a0 \u00a0 \u00a0 \u00a0 \u00a0 \u00a0 \u00a0 \u00a0 \u00a0 \u00a0 \u00a0 \u00a0 \u00a0 \u00a0 \u00a0 \u00a0 \u00a0 \u00a0 \u00a0 \u00a0 \u00a0 \u00a0 \u00a0 \u00a0 \u00a0 \u00a0 \u00a0 \u00a0 \u00a0 \u00a0 \u00a0 \u00a0 \u00a0 \u00a0 \u00a0 \u00a0 \u00a0 \u00a0 \u00a0 \u00a0 \u00a0 \u00a0 \u00a0 \u00a0 \u00a0 \u00a0 \u00a0 \u00a0 \u00a0 \u00a0 \u00a0 \u00a0 \u00a0 \u00a0 \u00a0 \u00a0 \u00a0 \u00a0 \u00a0 \u00a0 \u00a0 \u00a0 \u00a0 \u00a0 \u00a0 \u00a0 \u00a0 \u00a0 \u00a0 \u00a0 \u00a0 \u00a0 \u00a0 \u00a0 \u00a0 \u00a0 \u00a0 \u00a0 \u00a0 \u00a0 \u00a0 \u00a0 \u00a0 \u00a0 \u00a0 \u00a0 \u00a0 \u00a0 \u00a0 \u00a0 \u00a0 \u00a0 \u00a0 \u00a0 \u00a0 \u00a0 \u00a0 \u00a0 \u00a0 \u00a0 \u00a0 \u00a0 \u00a0 \u00a0 \u00a0 \u00a0 \u00a0 \u00a0 \u00a0 \u00a0 \u00a0 \u00a0 \u00a0 \u00a0 \u00a0 \u00a0 \u00a0 \u00a0 Permis B et v\u00e9hicule personnel<\/p><p><strong>Conditions d\u2019exercice :\u00a0<\/strong><\/p><p>Horaires de travail adapt\u00e9s aux besoins des b\u00e9n\u00e9ficiaires pouvant varier en 7 h et 21 h, y compris le dimanche et les jours f\u00e9ri\u00e9s.<\/p><p>Convention Collective Nationale BAD<\/p><p><strong>Mission :\u00a0<\/strong><\/p><p>\u2022 Aider au maintien et au d\u00e9veloppement des capacit\u00e9s de la personne aid\u00e9e.<\/p><p>\u2022 Animer la journ\u00e9e \u00e0 l\u2019aide de jeux, activit\u00e9s manuelles et artistiques, promenades, lecture&#8230;<\/p><p>\u2022 Aider aux actes essentiels de la vie (toilette, habillage, prise des repas).<\/p><p>\u2022 Accompagner la personne dans sa vie sociale (courses, loisirs, rendez-vous m\u00e9dicaux&#8230;).<\/p><p>\u2022 Apporter des solutions techniques pour s\u00e9curiser le cadre de vie.<\/p><p>\u2022 Assurer l\u2019entretien du domicile de la personne aid\u00e9e.<\/p><p>\u2022 Veiller sur l\u2019\u00e9volution de la personne, la stimuler, la soulager, lui apprendre \u00e0 faire, communiquer avec ses proches.<\/p><p><strong>Savoir \u00eatre :\u00a0<\/strong><\/p><p>\u2022 Qualit\u00e9s d\u2019adaptation \u00e0 des situations diverses.<\/p><p>\u2022 Posture et juste distance vis-\u00e0-vis de la personne aid\u00e9e.<\/p><p>\u2022 Excellent relationnel avec les b\u00e9n\u00e9ficiaires, aidants naturels et professionnels.<\/p><p><strong>Savoir faire :\u00a0<\/strong><\/p><p>\u2022 Observation et analyse de la situation et l\u2019\u00e9volution de la personne.<\/p><p>\u2022 Confidentialit\u00e9 et discr\u00e9tion.<\/p><p>\u2022 Ecrits professionnels en support aux actions.<\/p><p>\u2022 Travail en \u00e9quipe et coop\u00e9ration avec les partenaires sociaux et param\u00e9dicaux.<\/p>\t\t\t\t\t\t\t\t<\/div>\n\t\t\t\t<\/div>\n\t\t\t\t<\/div>\n\t\t\t\t<\/div>\n\t\t\t\t\t<\/div>\n\t\t\t\t<\/div>\n\t\t<div class=\"elementor-element elementor-element-bee866d e-grid e-con-boxed e-con e-parent\" data-id=\"bee866d\" data-element_type=\"container\" data-e-type=\"container\">\n\t\t\t\t\t<div class=\"e-con-inner\">\n\t\t\t\t<div class=\"elementor-element elementor-element-b081780 elementor-widget elementor-widget-heading\" data-id=\"b081780\" data-element_type=\"widget\" data-e-type=\"widget\" data-widget_type=\"heading.default\">\n\t\t\t\t<div class=\"elementor-widget-container\">\n\t\t\t\t\t<h2 class=\"elementor-heading-title elementor-size-default\">Pour postuler, envoyez-nous votre CV et une lettre de motivation :\n<\/h2>\t\t\t\t<\/div>\n\t\t\t\t<\/div>\n\t\t\t\t<div class=\"elementor-element elementor-element-f4cfabf elementor-widget elementor-widget-text-editor\" data-id=\"f4cfabf\" data-element_type=\"widget\" data-e-type=\"widget\" data-widget_type=\"text-editor.default\">\n\t\t\t\t<div class=\"elementor-widget-container\">\n\t\t\t\t\t\t\t\t\t<h3>Par mail \u00e0 l\u2019adresse :\u00a0<strong>reseda66@encat.fr<\/strong><\/h3><h3>Par courrier :\u00a0<strong>SAD RESEDA \u2013 2, rue de cosprons 66000 PERPIGNAN<\/strong><\/h3>\t\t\t\t\t\t\t\t<\/div>\n\t\t\t\t<\/div>\n\t\t\t\t\t<\/div>\n\t\t\t\t<\/div>\n\t\t\t\t<\/div>\n\t\t","protected":false},"excerpt":{"rendered":"<p>AES dipl\u00f4m\u00e9(e)-145H Prise de poste d\u00e8s que possible\u00a0 \u00a0 \u00a0 \u00a0 \u00a0 \u00a0 Titulaire du dipl\u00f4me d\u2019Etat d\u2019Accompagnant Educatif et Social, vous souhaitez travailler en autonomie et rejoindre une \u00e9quipe dynamique, qui vous appuiera \u00e0 votre prise de fonction et au-del\u00e0. Implant\u00e9 sur les communes de Perpignan et de P\u00e9zilla-la-Rivi\u00e8re, le SAAD RESEDA intervient en [&hellip;]<\/p>\n","protected":false},"author":1,"featured_media":0,"parent":0,"menu_order":0,"comment_status":"closed","ping_status":"closed","template":"","meta":{"footnotes":""},"class_list":["post-485","page","type-page","status-publish","hentry","entry"],"_links":{"self":[{"href":"https:\/\/sadreseda.fr\/index.php\/wp-json\/wp\/v2\/pages\/485","targetHints":{"allow":["GET"]}}],"collection":[{"href":"https:\/\/sadreseda.fr\/index.php\/wp-json\/wp\/v2\/pages"}],"about":[{"href":"https:\/\/sadreseda.fr\/index.php\/wp-json\/wp\/v2\/types\/page"}],"author":[{"embeddable":true,"href":"https:\/\/sadreseda.fr\/index.php\/wp-json\/wp\/v2\/users\/1"}],"replies":[{"embeddable":true,"href":"https:\/\/sadreseda.fr\/index.php\/wp-json\/wp\/v2\/comments?post=485"}],"version-history":[{"count":5,"href":"https:\/\/sadreseda.fr\/index.php\/wp-json\/wp\/v2\/pages\/485\/revisions"}],"predecessor-version":[{"id":491,"href":"https:\/\/sadreseda.fr\/index.php\/wp-json\/wp\/v2\/pages\/485\/revisions\/491"}],"wp:attachment":[{"href":"https:\/\/sadreseda.fr\/index.php\/wp-json\/wp\/v2\/media?parent=485"}],"curies":[{"name":"wp","href":"https:\/\/api.w.org\/{rel}","templated":true}]}}