{"id":31,"date":"2024-02-08T13:44:43","date_gmt":"2024-02-08T12:44:43","guid":{"rendered":"https:\/\/sadreseda.fr\/?page_id=31"},"modified":"2026-02-18T14:53:43","modified_gmt":"2026-02-18T13:53:43","slug":"nous-rendre-visite","status":"publish","type":"page","link":"https:\/\/sadreseda.fr\/index.php\/nous-rendre-visite\/","title":{"rendered":"Nous rendre visite"},"content":{"rendered":"\t\t<div data-elementor-type=\"wp-page\" data-elementor-id=\"31\" class=\"elementor elementor-31\" data-elementor-post-type=\"page\">\n\t\t\t\t<div class=\"elementor-element elementor-element-93f92c5 e-flex e-con-boxed e-con e-parent\" data-id=\"93f92c5\" data-element_type=\"container\" data-e-type=\"container\">\n\t\t\t\t\t<div class=\"e-con-inner\">\n\t\t\t\t<div class=\"elementor-element elementor-element-9bcdc1b elementor-widget elementor-widget-heading\" data-id=\"9bcdc1b\" data-element_type=\"widget\" data-e-type=\"widget\" data-widget_type=\"heading.default\">\n\t\t\t\t<div class=\"elementor-widget-container\">\n\t\t\t\t\t<h1 class=\"elementor-heading-title elementor-size-default\">Nous rendre visite<\/h1>\t\t\t\t<\/div>\n\t\t\t\t<\/div>\n\t\t\t\t<div class=\"elementor-element elementor-element-de33416 elementor-widget-divider--view-line elementor-widget elementor-widget-divider\" data-id=\"de33416\" data-element_type=\"widget\" data-e-type=\"widget\" data-widget_type=\"divider.default\">\n\t\t\t\t<div class=\"elementor-widget-container\">\n\t\t\t\t\t\t\t<div class=\"elementor-divider\">\n\t\t\t<span class=\"elementor-divider-separator\">\n\t\t\t\t\t\t<\/span>\n\t\t<\/div>\n\t\t\t\t\t\t<\/div>\n\t\t\t\t<\/div>\n\t\t\t\t<div class=\"elementor-element elementor-element-7dbdd9d elementor-widget elementor-widget-spacer\" data-id=\"7dbdd9d\" data-element_type=\"widget\" data-e-type=\"widget\" data-widget_type=\"spacer.default\">\n\t\t\t\t<div class=\"elementor-widget-container\">\n\t\t\t\t\t\t\t<div class=\"elementor-spacer\">\n\t\t\t<div class=\"elementor-spacer-inner\"><\/div>\n\t\t<\/div>\n\t\t\t\t\t\t<\/div>\n\t\t\t\t<\/div>\n\t\t\t\t\t<\/div>\n\t\t\t\t<\/div>\n\t\t<div class=\"elementor-element elementor-element-b1de3d5 e-flex e-con-boxed e-con e-parent\" data-id=\"b1de3d5\" data-element_type=\"container\" data-e-type=\"container\">\n\t\t\t\t\t<div class=\"e-con-inner\">\n\t\t\t\t<div class=\"elementor-element elementor-element-15e13cb elementor-widget elementor-widget-heading\" data-id=\"15e13cb\" data-element_type=\"widget\" data-e-type=\"widget\" data-widget_type=\"heading.default\">\n\t\t\t\t<div class=\"elementor-widget-container\">\n\t\t\t\t\t<h2 class=\"elementor-heading-title elementor-size-default\">Un accueil individualis\u00e9<\/h2>\t\t\t\t<\/div>\n\t\t\t\t<\/div>\n\t\t\t\t<div class=\"elementor-element elementor-element-c8a63df elementor-widget elementor-widget-spacer\" data-id=\"c8a63df\" data-element_type=\"widget\" data-e-type=\"widget\" data-widget_type=\"spacer.default\">\n\t\t\t\t<div class=\"elementor-widget-container\">\n\t\t\t\t\t\t\t<div class=\"elementor-spacer\">\n\t\t\t<div class=\"elementor-spacer-inner\"><\/div>\n\t\t<\/div>\n\t\t\t\t\t\t<\/div>\n\t\t\t\t<\/div>\n\t\t\t\t<div class=\"elementor-element elementor-element-c070db1 elementor-widget elementor-widget-text-editor\" data-id=\"c070db1\" data-element_type=\"widget\" data-e-type=\"widget\" data-widget_type=\"text-editor.default\">\n\t\t\t\t<div class=\"elementor-widget-container\">\n\t\t\t\t\t\t\t\t\t<div id=\"comp-ls1w5hkc\" class=\"KcpHeO tz5f0K comp-ls1w5hkc wixui-rich-text\" data-testid=\"richTextElement\"><p class=\"font_8 wixui-rich-text__text\" style=\"font-size: 16px; line-height: 1.4em;\"><span class=\"wixui-rich-text__text\" style=\"font-size: 16px;\">Nous vous renseignons par t\u00e9l\u00e9phone, par mail ou sur place dans nos agences.<\/span><\/p><p class=\"font_8 wixui-rich-text__text\" style=\"font-size: 16px; line-height: 1.4em;\"><span class=\"wixui-rich-text__text\" style=\"font-size: 16px;\">Le service administratif fera avec vous une premi\u00e8re \u00e9valuation de vos droits en termes de financement et vous aidera \u00e0 constituer votre dossier.<\/span><\/p><p class=\"font_8 wixui-rich-text__text\" style=\"font-size: 16px; line-height: 1.4em;\"><span class=\"wixui-rich-text__text\" style=\"font-size: 16px;\">Un rendez-vous \u00e0 votre domicile vous sera propos\u00e9 pour mieux cerner vos besoins et attentes dans votre contexte de vie. A cette occasion, les jours, heures d\u2019intervention privil\u00e9gi\u00e9s et les professionnels aux comp\u00e9tences requises selon vos besoins sont d\u00e9termin\u00e9s.<\/span><\/p><p class=\"font_8 wixui-rich-text__text\" style=\"font-size: 16px; line-height: 1.4em;\"><span class=\"wixui-rich-text__text\" style=\"font-size: 16px;\">Une proposition de service individualis\u00e9e, assortie d\u2019un devis gratuit, vous seront remis, \u00e0 partir de vos attentes et\/ou de la notification de votre plan d\u2019aide<\/span><\/p><\/div>\t\t\t\t\t\t\t\t<\/div>\n\t\t\t\t<\/div>\n\t\t\t\t\t<\/div>\n\t\t\t\t<\/div>\n\t\t<div class=\"elementor-element elementor-element-3e00233 e-flex e-con-boxed e-con e-parent\" data-id=\"3e00233\" data-element_type=\"container\" data-e-type=\"container\">\n\t\t\t\t\t<div class=\"e-con-inner\">\n\t\t<div class=\"elementor-element elementor-element-203ac3c e-con-full e-flex e-con e-child\" data-id=\"203ac3c\" data-element_type=\"container\" data-e-type=\"container\">\n\t\t\t\t<div class=\"elementor-element elementor-element-e5e4e0f elementor-widget elementor-widget-heading\" data-id=\"e5e4e0f\" data-element_type=\"widget\" data-e-type=\"widget\" data-widget_type=\"heading.default\">\n\t\t\t\t<div class=\"elementor-widget-container\">\n\t\t\t\t\t<h1 class=\"elementor-heading-title elementor-size-default\">Sad R\u00e9s\u00e9da Perpignan<\/h1>\t\t\t\t<\/div>\n\t\t\t\t<\/div>\n\t\t\t\t<div class=\"elementor-element elementor-element-a5bd097 elementor-widget-divider--view-line elementor-widget elementor-widget-divider\" data-id=\"a5bd097\" data-element_type=\"widget\" data-e-type=\"widget\" data-widget_type=\"divider.default\">\n\t\t\t\t<div class=\"elementor-widget-container\">\n\t\t\t\t\t\t\t<div class=\"elementor-divider\">\n\t\t\t<span class=\"elementor-divider-separator\">\n\t\t\t\t\t\t<\/span>\n\t\t<\/div>\n\t\t\t\t\t\t<\/div>\n\t\t\t\t<\/div>\n\t\t\t\t<div class=\"elementor-element elementor-element-158ba7e elementor-widget elementor-widget-heading\" data-id=\"158ba7e\" data-element_type=\"widget\" data-e-type=\"widget\" data-widget_type=\"heading.default\">\n\t\t\t\t<div class=\"elementor-widget-container\">\n\t\t\t\t\t<h2 class=\"elementor-heading-title elementor-size-default\">04 68 50 29 28<\/h2>\t\t\t\t<\/div>\n\t\t\t\t<\/div>\n\t\t\t\t<div class=\"elementor-element elementor-element-d403eb5 elementor-widget elementor-widget-google_maps\" data-id=\"d403eb5\" data-element_type=\"widget\" data-e-type=\"widget\" data-widget_type=\"google_maps.default\">\n\t\t\t\t<div class=\"elementor-widget-container\">\n\t\t\t\t\t\t\t<div class=\"elementor-custom-embed\">\n\t\t\t<iframe loading=\"lazy\"\n\t\t\t\t\tsrc=\"https:\/\/maps.google.com\/maps?q=2%20rue%20de%20cosprons&#038;t=m&#038;z=15&#038;output=embed&#038;iwloc=near\"\n\t\t\t\t\ttitle=\"2 rue de cosprons\"\n\t\t\t\t\taria-label=\"2 rue de cosprons\"\n\t\t\t><\/iframe>\n\t\t<\/div>\n\t\t\t\t\t\t<\/div>\n\t\t\t\t<\/div>\n\t\t\t\t<\/div>\n\t\t<div class=\"elementor-element elementor-element-a198e73 e-con-full e-flex e-con e-child\" data-id=\"a198e73\" data-element_type=\"container\" data-e-type=\"container\">\n\t\t\t\t<div class=\"elementor-element elementor-element-256017a elementor-widget elementor-widget-heading\" data-id=\"256017a\" data-element_type=\"widget\" data-e-type=\"widget\" data-widget_type=\"heading.default\">\n\t\t\t\t<div class=\"elementor-widget-container\">\n\t\t\t\t\t<h1 class=\"elementor-heading-title elementor-size-default\">Sad R\u00e9s\u00e9da Baixas<\/h1>\t\t\t\t<\/div>\n\t\t\t\t<\/div>\n\t\t\t\t<div class=\"elementor-element elementor-element-c093407 elementor-widget-divider--view-line elementor-widget elementor-widget-divider\" data-id=\"c093407\" data-element_type=\"widget\" data-e-type=\"widget\" data-widget_type=\"divider.default\">\n\t\t\t\t<div class=\"elementor-widget-container\">\n\t\t\t\t\t\t\t<div class=\"elementor-divider\">\n\t\t\t<span class=\"elementor-divider-separator\">\n\t\t\t\t\t\t<\/span>\n\t\t<\/div>\n\t\t\t\t\t\t<\/div>\n\t\t\t\t<\/div>\n\t\t\t\t<div class=\"elementor-element elementor-element-4cb04f6 elementor-widget elementor-widget-heading\" data-id=\"4cb04f6\" data-element_type=\"widget\" data-e-type=\"widget\" data-widget_type=\"heading.default\">\n\t\t\t\t<div class=\"elementor-widget-container\">\n\t\t\t\t\t<h2 class=\"elementor-heading-title elementor-size-default\">04 68 50 29 28<\/h2>\t\t\t\t<\/div>\n\t\t\t\t<\/div>\n\t\t\t\t<div class=\"elementor-element elementor-element-e02eb2c elementor-widget elementor-widget-google_maps\" data-id=\"e02eb2c\" data-element_type=\"widget\" data-e-type=\"widget\" data-widget_type=\"google_maps.default\">\n\t\t\t\t<div class=\"elementor-widget-container\">\n\t\t\t\t\t\t\t<div class=\"elementor-custom-embed\">\n\t\t\t<iframe loading=\"lazy\"\n\t\t\t\t\tsrc=\"https:\/\/maps.google.com\/maps?q=espace%20g%C3%A9n%C3%A9ral%20De%20Gaulle&#038;t=m&#038;z=15&#038;output=embed&#038;iwloc=near\"\n\t\t\t\t\ttitle=\"espace g\u00e9n\u00e9ral De Gaulle\"\n\t\t\t\t\taria-label=\"espace g\u00e9n\u00e9ral De Gaulle\"\n\t\t\t><\/iframe>\n\t\t<\/div>\n\t\t\t\t\t\t<\/div>\n\t\t\t\t<\/div>\n\t\t\t\t<\/div>\n\t\t<div class=\"elementor-element elementor-element-42e95b7 e-con-full e-flex e-con e-child\" data-id=\"42e95b7\" data-element_type=\"container\" data-e-type=\"container\">\n\t\t\t\t<div class=\"elementor-element elementor-element-c41fe5f elementor-widget elementor-widget-heading\" data-id=\"c41fe5f\" data-element_type=\"widget\" data-e-type=\"widget\" data-widget_type=\"heading.default\">\n\t\t\t\t<div class=\"elementor-widget-container\">\n\t\t\t\t\t<h1 class=\"elementor-heading-title elementor-size-default\">Sad R\u00e9s\u00e9da Pezilla la Rivi\u00e8re<\/h1>\t\t\t\t<\/div>\n\t\t\t\t<\/div>\n\t\t\t\t<div class=\"elementor-element elementor-element-a8f8045 elementor-widget-divider--view-line elementor-widget elementor-widget-divider\" data-id=\"a8f8045\" data-element_type=\"widget\" data-e-type=\"widget\" data-widget_type=\"divider.default\">\n\t\t\t\t<div class=\"elementor-widget-container\">\n\t\t\t\t\t\t\t<div class=\"elementor-divider\">\n\t\t\t<span class=\"elementor-divider-separator\">\n\t\t\t\t\t\t<\/span>\n\t\t<\/div>\n\t\t\t\t\t\t<\/div>\n\t\t\t\t<\/div>\n\t\t\t\t<div class=\"elementor-element elementor-element-fa28732 elementor-widget elementor-widget-heading\" data-id=\"fa28732\" data-element_type=\"widget\" data-e-type=\"widget\" data-widget_type=\"heading.default\">\n\t\t\t\t<div class=\"elementor-widget-container\">\n\t\t\t\t\t<h2 class=\"elementor-heading-title elementor-size-default\">04 68 50 29 28<\/h2>\t\t\t\t<\/div>\n\t\t\t\t<\/div>\n\t\t\t\t<div class=\"elementor-element elementor-element-30b4c4c elementor-widget elementor-widget-google_maps\" data-id=\"30b4c4c\" data-element_type=\"widget\" data-e-type=\"widget\" data-widget_type=\"google_maps.default\">\n\t\t\t\t<div class=\"elementor-widget-container\">\n\t\t\t\t\t\t\t<div class=\"elementor-custom-embed\">\n\t\t\t<iframe loading=\"lazy\"\n\t\t\t\t\tsrc=\"https:\/\/maps.google.com\/maps?q=46%20avenue%20de%20la%20R%C3%A9publique%20-%2066370%20P%C3%A9zilla-la-Rivi%C3%A8re&#038;t=m&#038;z=15&#038;output=embed&#038;iwloc=near\"\n\t\t\t\t\ttitle=\"46 avenue de la R\u00e9publique - 66370 P\u00e9zilla-la-Rivi\u00e8re\"\n\t\t\t\t\taria-label=\"46 avenue de la R\u00e9publique - 66370 P\u00e9zilla-la-Rivi\u00e8re\"\n\t\t\t><\/iframe>\n\t\t<\/div>\n\t\t\t\t\t\t<\/div>\n\t\t\t\t<\/div>\n\t\t\t\t<\/div>\n\t\t\t\t\t<\/div>\n\t\t\t\t<\/div>\n\t\t<div class=\"elementor-element elementor-element-0247a7a e-flex e-con-boxed e-con e-parent\" data-id=\"0247a7a\" data-element_type=\"container\" data-e-type=\"container\">\n\t\t\t\t\t<div class=\"e-con-inner\">\n\t\t\t\t<div class=\"elementor-element elementor-element-0b84355 elementor-widget elementor-widget-heading\" data-id=\"0b84355\" data-element_type=\"widget\" data-e-type=\"widget\" data-widget_type=\"heading.default\">\n\t\t\t\t<div class=\"elementor-widget-container\">\n\t\t\t\t\t<h2 class=\"elementor-heading-title elementor-size-default\">Nos horaires<\/h2>\t\t\t\t<\/div>\n\t\t\t\t<\/div>\n\t\t\t\t<div class=\"elementor-element elementor-element-64def43 elementor-widget elementor-widget-text-editor\" data-id=\"64def43\" data-element_type=\"widget\" data-e-type=\"widget\" data-widget_type=\"text-editor.default\">\n\t\t\t\t<div class=\"elementor-widget-container\">\n\t\t\t\t\t\t\t\t\t<p>Notre bureau de Perpignan vous accueille du lundi au vendredi de 8h30 \u00e0 12h30 et de 13h30 \u00e0 17h.<\/p><p>Des permanences sont assur\u00e9es\u00a0 dans nos bureaux de Baixas les mardis et jeudis de 14h \u00e0 17h.<\/p><p>Des permanences sont \u00e9galement assur\u00e9es dans nos bureaux de P\u00e9zilla la Rivi\u00e8re les lundis et vendredis de 14h \u00e0 17h.\u00a0<\/p>\t\t\t\t\t\t\t\t<\/div>\n\t\t\t\t<\/div>\n\t\t\t\t\t<\/div>\n\t\t\t\t<\/div>\n\t\t<div class=\"elementor-element elementor-element-ff30e7a e-flex e-con-boxed e-con e-parent\" data-id=\"ff30e7a\" data-element_type=\"container\" data-e-type=\"container\" data-settings=\"{&quot;background_background&quot;:&quot;classic&quot;}\">\n\t\t\t\t\t<div class=\"e-con-inner\">\n\t\t\t\t<div class=\"elementor-element elementor-element-e303237 elementor-widget elementor-widget-wpforms\" data-id=\"e303237\" data-element_type=\"widget\" data-e-type=\"widget\" data-widget_type=\"wpforms.default\">\n\t\t\t\t<div class=\"elementor-widget-container\">\n\t\t\t\t\t<style id=\"wpforms-css-vars-elementor-widget-e303237\">\n\t\t\t\t.elementor-widget-wpforms.elementor-element-e303237 {\n\t\t\t\t--wpforms-button-border-radius: 25px;\n\t\t\t}\n\t\t\t<\/style><div class=\"wpforms-container wpforms-container-full wpforms-render-modern\" id=\"wpforms-114\"><form id=\"wpforms-form-114\" class=\"wpforms-validate wpforms-form wpforms-ajax-form\" data-formid=\"114\" method=\"post\" enctype=\"multipart\/form-data\" action=\"\/index.php\/wp-json\/wp\/v2\/pages\/31\" data-token=\"f949a741b5bcf3a417793e27c6061323\" data-token-time=\"1777501013\"><noscript class=\"wpforms-error-noscript\">Veuillez activer JavaScript dans votre navigateur pour remplir ce formulaire.<\/noscript><div id=\"wpforms-error-noscript\" style=\"display: none;\">Veuillez activer JavaScript dans votre navigateur pour remplir ce formulaire.<\/div><div class=\"wpforms-field-container\"><div id=\"wpforms-114-field_1-container\" class=\"wpforms-field wpforms-field-name\" data-field-id=\"1\"><fieldset><legend class=\"wpforms-field-label\">Nom <span class=\"wpforms-required-label\" aria-hidden=\"true\">*<\/span><\/legend><div class=\"wpforms-field-row wpforms-field-medium\"><div class=\"wpforms-field-row-block wpforms-first wpforms-one-half\"><input type=\"text\" id=\"wpforms-114-field_1\" class=\"wpforms-field-name-first wpforms-field-required\" name=\"wpforms[fields][1][first]\" aria-errormessage=\"wpforms-114-field_1-error\" required><label for=\"wpforms-114-field_1\" class=\"wpforms-field-sublabel after\">Pr\u00e9nom<\/label><\/div><div class=\"wpforms-field-row-block wpforms-one-half\"><input type=\"text\" id=\"wpforms-114-field_1-last\" class=\"wpforms-field-name-last wpforms-field-required\" name=\"wpforms[fields][1][last]\" aria-errormessage=\"wpforms-114-field_1-last-error\" required><label for=\"wpforms-114-field_1-last\" class=\"wpforms-field-sublabel after\">Nom<\/label><\/div><\/div><\/fieldset><\/div><div id=\"wpforms-114-field_2-container\" class=\"wpforms-field wpforms-field-number\" data-field-id=\"2\"><label class=\"wpforms-field-label\" for=\"wpforms-114-field_2\">T\u00e9l\u00e9phone Portable<\/label><input type=\"number\" id=\"wpforms-114-field_2\" class=\"wpforms-field-medium\" name=\"wpforms[fields][2]\" value=\"06 06 06 06 06\" step=\"any\" aria-errormessage=\"wpforms-114-field_2-error\" ><\/div><div id=\"wpforms-114-field_3-container\" class=\"wpforms-field wpforms-field-email\" data-field-id=\"3\"><label class=\"wpforms-field-label\" for=\"wpforms-114-field_3\">E-mail <span class=\"wpforms-required-label\" aria-hidden=\"true\">*<\/span><\/label><input type=\"email\" id=\"wpforms-114-field_3\" class=\"wpforms-field-medium wpforms-field-required\" name=\"wpforms[fields][3]\" value=\"exemple@encat.fr\" spellcheck=\"false\" aria-errormessage=\"wpforms-114-field_3-error\" required><\/div><div id=\"wpforms-114-field_6-container\" class=\"wpforms-field wpforms-field-checkbox\" data-field-id=\"6\"><fieldset><legend class=\"wpforms-field-label\">Service <span class=\"wpforms-required-label\" aria-hidden=\"true\">*<\/span><\/legend><ul id=\"wpforms-114-field_6\" class=\"wpforms-field-required\" data-choice-limit=\"1\"><li class=\"choice-1 depth-1\"><input type=\"checkbox\" id=\"wpforms-114-field_6_1\" data-rule-check-limit=\"true\" name=\"wpforms[fields][6][]\" value=\"Sad r\u00e9s\u00e9da Perpignan\" aria-errormessage=\"wpforms-114-field_6_1-error\" required ><label class=\"wpforms-field-label-inline\" for=\"wpforms-114-field_6_1\">Sad r\u00e9s\u00e9da Perpignan<\/label><\/li><li class=\"choice-2 depth-1\"><input type=\"checkbox\" id=\"wpforms-114-field_6_2\" data-rule-check-limit=\"true\" name=\"wpforms[fields][6][]\" value=\"Sad r\u00e9s\u00e9da Pezilla la rivi\u00e8re\" aria-errormessage=\"wpforms-114-field_6_2-error\" required ><label class=\"wpforms-field-label-inline\" for=\"wpforms-114-field_6_2\">Sad r\u00e9s\u00e9da Pezilla la rivi\u00e8re<\/label><\/li><li class=\"choice-3 depth-1\"><input type=\"checkbox\" id=\"wpforms-114-field_6_3\" data-rule-check-limit=\"true\" name=\"wpforms[fields][6][]\" value=\"Sad r\u00e9s\u00e9da Baixas\" aria-errormessage=\"wpforms-114-field_6_3-error\" required ><label class=\"wpforms-field-label-inline\" for=\"wpforms-114-field_6_3\">Sad r\u00e9s\u00e9da Baixas<\/label><\/li><\/ul><\/fieldset><\/div><div id=\"wpforms-114-field_7-container\" class=\"wpforms-field wpforms-field-textarea\" data-field-id=\"7\"><label class=\"wpforms-field-label\" for=\"wpforms-114-field_7\">Message <span class=\"wpforms-required-label\" aria-hidden=\"true\">*<\/span><\/label><textarea id=\"wpforms-114-field_7\" class=\"wpforms-field-medium wpforms-field-required\" name=\"wpforms[fields][7]\" aria-errormessage=\"wpforms-114-field_7-error\" required>Laisser ici votre message.<\/textarea><\/div><div id=\"wpforms-114-field_5-container\" class=\"wpforms-field wpforms-field-checkbox\" data-field-id=\"5\"><fieldset><legend class=\"wpforms-field-label\"> <span class=\"wpforms-required-label\" aria-hidden=\"true\">*<\/span><\/legend><ul id=\"wpforms-114-field_5\" class=\"wpforms-field-required\"><li class=\"choice-1 depth-1\"><input type=\"checkbox\" id=\"wpforms-114-field_5_1\" name=\"wpforms[fields][5][]\" value=\"J&#039;accepte\" aria-errormessage=\"wpforms-114-field_5_1-error\" aria-describedby=\"wpforms-114-field_5-description\" required ><label class=\"wpforms-field-label-inline\" for=\"wpforms-114-field_5_1\">J'accepte<\/label><\/li><\/ul><div id=\"wpforms-114-field_5-description\" class=\"wpforms-field-description\">En cliquant sur le bouton \u201cEnvoyer\u201d, vous acceptez que l'Association de l'Enfance Catalane collecte et traite vos donn\u00e9es personnelles (nom, pr\u00e9nom, adresse e-mail, message) dans le but de r\u00e9pondre \u00e0 votre demande. Ces donn\u00e9es sont conserv\u00e9es pendant la dur\u00e9e n\u00e9cessaire \u00e0 cet \u00e9change, puis supprim\u00e9es.<\/div><\/fieldset><\/div><\/div><!-- .wpforms-field-container --><div class=\"wpforms-submit-container\" ><input type=\"hidden\" name=\"wpforms[id]\" value=\"114\"><input type=\"hidden\" name=\"page_title\" value=\"\"><input type=\"hidden\" name=\"page_url\" value=\"https:\/\/sadreseda.fr\/index.php\/wp-json\/wp\/v2\/pages\/31\"><input type=\"hidden\" name=\"url_referer\" value=\"\"><button type=\"submit\" name=\"wpforms[submit]\" id=\"wpforms-submit-114\" class=\"wpforms-submit\" data-alt-text=\"Envoi...\" data-submit-text=\"Envoyer\" aria-live=\"assertive\" value=\"wpforms-submit\">Envoyer<\/button><img decoding=\"async\" src=\"https:\/\/sadreseda.fr\/wp-content\/plugins\/wpforms-lite\/assets\/images\/submit-spin.svg\" class=\"wpforms-submit-spinner\" style=\"display: none;\" width=\"26\" height=\"26\" alt=\"Chargement en cours\"><\/div><\/form><\/div>  <!-- .wpforms-container -->\t\t\t\t<\/div>\n\t\t\t\t<\/div>\n\t\t\t\t\t<\/div>\n\t\t\t\t<\/div>\n\t\t\t\t<\/div>\n\t\t","protected":false},"excerpt":{"rendered":"<p>Nous rendre visite Un accueil individualis\u00e9 Nous vous renseignons par t\u00e9l\u00e9phone, par mail ou sur place dans nos agences. Le service administratif fera avec vous une premi\u00e8re \u00e9valuation de vos droits en termes de financement et vous aidera \u00e0 constituer votre dossier. Un rendez-vous \u00e0 votre domicile vous sera propos\u00e9 pour mieux cerner vos besoins [&hellip;]<\/p>\n","protected":false},"author":1,"featured_media":0,"parent":0,"menu_order":0,"comment_status":"closed","ping_status":"closed","template":"","meta":{"footnotes":""},"class_list":["post-31","page","type-page","status-publish","hentry","entry"],"_links":{"self":[{"href":"https:\/\/sadreseda.fr\/index.php\/wp-json\/wp\/v2\/pages\/31","targetHints":{"allow":["GET"]}}],"collection":[{"href":"https:\/\/sadreseda.fr\/index.php\/wp-json\/wp\/v2\/pages"}],"about":[{"href":"https:\/\/sadreseda.fr\/index.php\/wp-json\/wp\/v2\/types\/page"}],"author":[{"embeddable":true,"href":"https:\/\/sadreseda.fr\/index.php\/wp-json\/wp\/v2\/users\/1"}],"replies":[{"embeddable":true,"href":"https:\/\/sadreseda.fr\/index.php\/wp-json\/wp\/v2\/comments?post=31"}],"version-history":[{"count":35,"href":"https:\/\/sadreseda.fr\/index.php\/wp-json\/wp\/v2\/pages\/31\/revisions"}],"predecessor-version":[{"id":455,"href":"https:\/\/sadreseda.fr\/index.php\/wp-json\/wp\/v2\/pages\/31\/revisions\/455"}],"wp:attachment":[{"href":"https:\/\/sadreseda.fr\/index.php\/wp-json\/wp\/v2\/media?parent=31"}],"curies":[{"name":"wp","href":"https:\/\/api.w.org\/{rel}","templated":true}]}}