{"id":182,"date":"2024-02-08T15:41:41","date_gmt":"2024-02-08T14:41:41","guid":{"rendered":"https:\/\/sadreseda.fr\/?page_id=182"},"modified":"2024-02-08T16:48:57","modified_gmt":"2024-02-08T15:48:57","slug":"entretien-du-linge","status":"publish","type":"page","link":"https:\/\/sadreseda.fr\/index.php\/entretien-du-linge\/","title":{"rendered":"Entretien du linge"},"content":{"rendered":"\t\t<div data-elementor-type=\"wp-page\" data-elementor-id=\"182\" class=\"elementor elementor-182\" data-elementor-post-type=\"page\">\n\t\t\t\t<div class=\"elementor-element elementor-element-3b1003d e-flex e-con-boxed e-con e-parent\" data-id=\"3b1003d\" data-element_type=\"container\" data-e-type=\"container\">\n\t\t\t\t\t<div class=\"e-con-inner\">\n\t\t<div class=\"elementor-element elementor-element-3e7dc57 e-flex e-con-boxed e-con e-child\" data-id=\"3e7dc57\" data-element_type=\"container\" data-e-type=\"container\">\n\t\t\t\t\t<div class=\"e-con-inner\">\n\t\t<div class=\"elementor-element elementor-element-2ae6d95 e-con-full e-flex e-con e-child\" data-id=\"2ae6d95\" data-element_type=\"container\" data-e-type=\"container\">\n\t\t\t\t<div class=\"elementor-element elementor-element-216f8c6 elementor-widget elementor-widget-image\" data-id=\"216f8c6\" data-element_type=\"widget\" data-e-type=\"widget\" data-widget_type=\"image.default\">\n\t\t\t\t<div class=\"elementor-widget-container\">\n\t\t\t\t\t\t\t\t\t\t\t\t\t\t\t<img fetchpriority=\"high\" decoding=\"async\" width=\"494\" height=\"329\" src=\"https:\/\/sadreseda.fr\/wp-content\/uploads\/2024\/02\/Entretien-du-linge2.webp\" class=\"attachment-large size-large wp-image-301\" alt=\"\" srcset=\"https:\/\/sadreseda.fr\/wp-content\/uploads\/2024\/02\/Entretien-du-linge2.webp 494w, https:\/\/sadreseda.fr\/wp-content\/uploads\/2024\/02\/Entretien-du-linge2-300x200.webp 300w\" sizes=\"(max-width: 494px) 100vw, 494px\" \/>\t\t\t\t\t\t\t\t\t\t\t\t\t\t\t<\/div>\n\t\t\t\t<\/div>\n\t\t\t\t<\/div>\n\t\t<div class=\"elementor-element elementor-element-bf58196 e-con-full e-flex e-con e-child\" data-id=\"bf58196\" data-element_type=\"container\" data-e-type=\"container\">\n\t\t\t\t<div class=\"elementor-element elementor-element-1212471 elementor-widget elementor-widget-heading\" data-id=\"1212471\" data-element_type=\"widget\" data-e-type=\"widget\" data-widget_type=\"heading.default\">\n\t\t\t\t<div class=\"elementor-widget-container\">\n\t\t\t\t\t<h2 class=\"elementor-heading-title elementor-size-default\">Entretien du linge<\/h2>\t\t\t\t<\/div>\n\t\t\t\t<\/div>\n\t\t\t\t<div class=\"elementor-element elementor-element-e6c6609 elementor-widget elementor-widget-spacer\" data-id=\"e6c6609\" data-element_type=\"widget\" data-e-type=\"widget\" data-widget_type=\"spacer.default\">\n\t\t\t\t<div class=\"elementor-widget-container\">\n\t\t\t\t\t\t\t<div class=\"elementor-spacer\">\n\t\t\t<div class=\"elementor-spacer-inner\"><\/div>\n\t\t<\/div>\n\t\t\t\t\t\t<\/div>\n\t\t\t\t<\/div>\n\t\t\t\t<div class=\"elementor-element elementor-element-a762fa3 elementor-widget elementor-widget-text-editor\" data-id=\"a762fa3\" data-element_type=\"widget\" data-e-type=\"widget\" data-widget_type=\"text-editor.default\">\n\t\t\t\t<div class=\"elementor-widget-container\">\n\t\t\t\t\t\t\t\t\t<p style=\"font-size:16px; line-height:1.2em;\"><span style=\"font-size:16px;\">L\u2019aide \u00e0 domicile r\u00e9alise plus particuli\u00e8rement les t\u00e2ches suivantes :<\/span><\/p><ul style=\"font-size:16px; line-height:1.2em;\">\n<li style=\"line-height:1.2em;\">\n<p style=\"font-size:16px; line-height:1.2em;\"><span style=\"font-size:16px;\">le lavage des v\u00eatements et draps du b\u00e9n\u00e9ficiaire,<\/span><\/p>\n<\/li>\n<li style=\"line-height:1.2em;\">\n<p style=\"font-size:16px; line-height:1.2em;\"><span style=\"font-size:16px;\">le repassage,<\/span><\/p>\n<\/li>\n<li style=\"line-height:1.2em;\">\n<p style=\"font-size:16px; line-height:1.2em;\"><span style=\"font-size:16px;\">le raccommodage et la petite couture (dans la limite de son savoir-faire).<\/span><\/p><\/li><\/ul><p>\n\n\n\n\n\n<\/p><p style=\"line-height:1.2em; font-size:16px;\"><span style=\"font-size:16px;\">Le\n lavage du linge s\u2019effectue \u00e0 votre domicile si vous disposez d\u2019une \nmachine \u00e0 laver le linge, mais en aucun cas au domicile de \nl&rsquo;intervenant.<\/span><\/p>\t\t\t\t\t\t\t\t<\/div>\n\t\t\t\t<\/div>\n\t\t\t\t<\/div>\n\t\t\t\t\t<\/div>\n\t\t\t\t<\/div>\n\t\t\t\t\t<\/div>\n\t\t\t\t<\/div>\n\t\t\t\t<\/div>\n\t\t","protected":false},"excerpt":{"rendered":"<p>Entretien du linge L\u2019aide \u00e0 domicile r\u00e9alise plus particuli\u00e8rement les t\u00e2ches suivantes : le lavage des v\u00eatements et draps du b\u00e9n\u00e9ficiaire, le repassage, le raccommodage et la petite couture (dans la limite de son savoir-faire). Le lavage du linge s\u2019effectue \u00e0 votre domicile si vous disposez d\u2019une machine \u00e0 laver le linge, mais en aucun [&hellip;]<\/p>\n","protected":false},"author":1,"featured_media":0,"parent":0,"menu_order":0,"comment_status":"closed","ping_status":"closed","template":"","meta":{"footnotes":""},"class_list":["post-182","page","type-page","status-publish","hentry","entry"],"_links":{"self":[{"href":"https:\/\/sadreseda.fr\/index.php\/wp-json\/wp\/v2\/pages\/182","targetHints":{"allow":["GET"]}}],"collection":[{"href":"https:\/\/sadreseda.fr\/index.php\/wp-json\/wp\/v2\/pages"}],"about":[{"href":"https:\/\/sadreseda.fr\/index.php\/wp-json\/wp\/v2\/types\/page"}],"author":[{"embeddable":true,"href":"https:\/\/sadreseda.fr\/index.php\/wp-json\/wp\/v2\/users\/1"}],"replies":[{"embeddable":true,"href":"https:\/\/sadreseda.fr\/index.php\/wp-json\/wp\/v2\/comments?post=182"}],"version-history":[{"count":4,"href":"https:\/\/sadreseda.fr\/index.php\/wp-json\/wp\/v2\/pages\/182\/revisions"}],"predecessor-version":[{"id":304,"href":"https:\/\/sadreseda.fr\/index.php\/wp-json\/wp\/v2\/pages\/182\/revisions\/304"}],"wp:attachment":[{"href":"https:\/\/sadreseda.fr\/index.php\/wp-json\/wp\/v2\/media?parent=182"}],"curies":[{"name":"wp","href":"https:\/\/api.w.org\/{rel}","templated":true}]}}