{"id":176,"date":"2024-02-08T15:41:17","date_gmt":"2024-02-08T14:41:17","guid":{"rendered":"https:\/\/sadreseda.fr\/?page_id=176"},"modified":"2024-02-08T16:44:06","modified_gmt":"2024-02-08T15:44:06","slug":"preparation-et-aide-aux-repas","status":"publish","type":"page","link":"https:\/\/sadreseda.fr\/index.php\/preparation-et-aide-aux-repas\/","title":{"rendered":"Pr\u00e9paration et aide aux repas"},"content":{"rendered":"\t\t<div data-elementor-type=\"wp-page\" data-elementor-id=\"176\" class=\"elementor elementor-176\" data-elementor-post-type=\"page\">\n\t\t\t\t<div class=\"elementor-element elementor-element-4e32bba e-flex e-con-boxed e-con e-parent\" data-id=\"4e32bba\" data-element_type=\"container\" data-e-type=\"container\">\n\t\t\t\t\t<div class=\"e-con-inner\">\n\t\t<div class=\"elementor-element elementor-element-408a02f e-con-full e-flex e-con e-child\" data-id=\"408a02f\" data-element_type=\"container\" data-e-type=\"container\">\n\t\t\t\t<div class=\"elementor-element elementor-element-6bdf03b elementor-widget elementor-widget-image\" data-id=\"6bdf03b\" data-element_type=\"widget\" data-e-type=\"widget\" data-widget_type=\"image.default\">\n\t\t\t\t<div class=\"elementor-widget-container\">\n\t\t\t\t\t\t\t\t\t\t\t\t\t\t\t<img fetchpriority=\"high\" decoding=\"async\" width=\"600\" height=\"400\" src=\"https:\/\/sadreseda.fr\/wp-content\/uploads\/2024\/02\/Preparation-et-aide-aux-repas.webp\" class=\"attachment-large size-large wp-image-231\" alt=\"\" srcset=\"https:\/\/sadreseda.fr\/wp-content\/uploads\/2024\/02\/Preparation-et-aide-aux-repas.webp 600w, https:\/\/sadreseda.fr\/wp-content\/uploads\/2024\/02\/Preparation-et-aide-aux-repas-300x200.webp 300w\" sizes=\"(max-width: 600px) 100vw, 600px\" \/>\t\t\t\t\t\t\t\t\t\t\t\t\t\t\t<\/div>\n\t\t\t\t<\/div>\n\t\t\t\t<\/div>\n\t\t<div class=\"elementor-element elementor-element-b941296 e-con-full e-flex e-con e-child\" data-id=\"b941296\" data-element_type=\"container\" data-e-type=\"container\">\n\t\t\t\t<div class=\"elementor-element elementor-element-dcd2061 elementor-widget elementor-widget-heading\" data-id=\"dcd2061\" data-element_type=\"widget\" data-e-type=\"widget\" data-widget_type=\"heading.default\">\n\t\t\t\t<div class=\"elementor-widget-container\">\n\t\t\t\t\t<h2 class=\"elementor-heading-title elementor-size-default\">Pr\u00e9paration des repas<\/h2>\t\t\t\t<\/div>\n\t\t\t\t<\/div>\n\t\t\t\t<div class=\"elementor-element elementor-element-e45ab94 elementor-widget elementor-widget-spacer\" data-id=\"e45ab94\" data-element_type=\"widget\" data-e-type=\"widget\" data-widget_type=\"spacer.default\">\n\t\t\t\t<div class=\"elementor-widget-container\">\n\t\t\t\t\t\t\t<div class=\"elementor-spacer\">\n\t\t\t<div class=\"elementor-spacer-inner\"><\/div>\n\t\t<\/div>\n\t\t\t\t\t\t<\/div>\n\t\t\t\t<\/div>\n\t\t\t\t<div class=\"elementor-element elementor-element-1838458 elementor-widget elementor-widget-text-editor\" data-id=\"1838458\" data-element_type=\"widget\" data-e-type=\"widget\" data-widget_type=\"text-editor.default\">\n\t\t\t\t<div class=\"elementor-widget-container\">\n\t\t\t\t\t\t\t\t\t<p style=\"font-size: 16px; line-height: 1.4em; text-align: justify;\"><span style=\"font-size: 16px;\">L&rsquo;int<\/span><span style=\"font-size: 16px;\">ervenant \u00e0 domicile r\u00e9alise plus particuli\u00e8rement les t\u00e2ches suivantes :<\/span><\/p><ul style=\"font-size: 16px; text-align: justify;\"><li style=\"line-height: 1.4em;\"><p style=\"font-size: 16px; line-height: 1.4em;\"><span style=\"font-size: 16px;\">l\u2019aide \u00e0 la confection des repas : \u00e9pluchage, d\u00e9coupage, cuisson, etc.,<\/span><\/p><\/li><li style=\"line-height: 1.4em;\"><p style=\"font-size: 16px; line-height: 1.4em;\"><span style=\"font-size: 16px;\">l\u2019aide au service : dressage du couvert, couper les aliments, servir \u00e0 boire, etc.,<\/span><\/p><\/li><li style=\"line-height: 1.4em;\"><p style=\"font-size: 16px; line-height: 1.4em;\"><span style=\"font-size: 16px;\">l\u2019aide \u00e0 la r\u00e9alisation de la vaisselle<\/span><\/p><\/li><\/ul><p><span class=\"wixui-rich-text__text\">L&rsquo;accompagnement est toujours guid\u00e9 par le principe du \u00ab\u00a0faire avec\u00a0\u00bb en s&rsquo;appuyant sur les capacit\u00e9s de la personne aid\u00e9e, ce dans un souci constant de maintien de l&rsquo;autonomie dans le choix et la pr\u00e9paration des repas.<\/span><\/p>\t\t\t\t\t\t\t\t<\/div>\n\t\t\t\t<\/div>\n\t\t\t\t<\/div>\n\t\t\t\t\t<\/div>\n\t\t\t\t<\/div>\n\t\t\t\t<\/div>\n\t\t","protected":false},"excerpt":{"rendered":"<p>Pr\u00e9paration des repas L&rsquo;intervenant \u00e0 domicile r\u00e9alise plus particuli\u00e8rement les t\u00e2ches suivantes : l\u2019aide \u00e0 la confection des repas : \u00e9pluchage, d\u00e9coupage, cuisson, etc., l\u2019aide au service : dressage du couvert, couper les aliments, servir \u00e0 boire, etc., l\u2019aide \u00e0 la r\u00e9alisation de la vaisselle L&rsquo;accompagnement est toujours guid\u00e9 par le principe du \u00ab\u00a0faire avec\u00a0\u00bb [&hellip;]<\/p>\n","protected":false},"author":1,"featured_media":0,"parent":0,"menu_order":0,"comment_status":"closed","ping_status":"closed","template":"","meta":{"footnotes":""},"class_list":["post-176","page","type-page","status-publish","hentry","entry"],"_links":{"self":[{"href":"https:\/\/sadreseda.fr\/index.php\/wp-json\/wp\/v2\/pages\/176","targetHints":{"allow":["GET"]}}],"collection":[{"href":"https:\/\/sadreseda.fr\/index.php\/wp-json\/wp\/v2\/pages"}],"about":[{"href":"https:\/\/sadreseda.fr\/index.php\/wp-json\/wp\/v2\/types\/page"}],"author":[{"embeddable":true,"href":"https:\/\/sadreseda.fr\/index.php\/wp-json\/wp\/v2\/users\/1"}],"replies":[{"embeddable":true,"href":"https:\/\/sadreseda.fr\/index.php\/wp-json\/wp\/v2\/comments?post=176"}],"version-history":[{"count":4,"href":"https:\/\/sadreseda.fr\/index.php\/wp-json\/wp\/v2\/pages\/176\/revisions"}],"predecessor-version":[{"id":297,"href":"https:\/\/sadreseda.fr\/index.php\/wp-json\/wp\/v2\/pages\/176\/revisions\/297"}],"wp:attachment":[{"href":"https:\/\/sadreseda.fr\/index.php\/wp-json\/wp\/v2\/media?parent=176"}],"curies":[{"name":"wp","href":"https:\/\/api.w.org\/{rel}","templated":true}]}}