{"id":173,"date":"2024-02-08T15:41:04","date_gmt":"2024-02-08T14:41:04","guid":{"rendered":"https:\/\/sadreseda.fr\/?page_id=173"},"modified":"2024-02-08T16:33:23","modified_gmt":"2024-02-08T15:33:23","slug":"courses","status":"publish","type":"page","link":"https:\/\/sadreseda.fr\/index.php\/courses\/","title":{"rendered":"Courses"},"content":{"rendered":"\t\t<div data-elementor-type=\"wp-page\" data-elementor-id=\"173\" class=\"elementor elementor-173\" data-elementor-post-type=\"page\">\n\t\t\t\t<div class=\"elementor-element elementor-element-75a4a20 e-flex e-con-boxed e-con e-parent\" data-id=\"75a4a20\" data-element_type=\"container\" data-e-type=\"container\">\n\t\t\t\t\t<div class=\"e-con-inner\">\n\t\t<div class=\"elementor-element elementor-element-1aaa1cd e-con-full e-flex e-con e-child\" data-id=\"1aaa1cd\" data-element_type=\"container\" data-e-type=\"container\">\n\t\t\t\t<div class=\"elementor-element elementor-element-ef93fff elementor-widget elementor-widget-image\" data-id=\"ef93fff\" data-element_type=\"widget\" data-e-type=\"widget\" data-widget_type=\"image.default\">\n\t\t\t\t<div class=\"elementor-widget-container\">\n\t\t\t\t\t\t\t\t\t\t\t\t\t\t\t<img fetchpriority=\"high\" decoding=\"async\" width=\"293\" height=\"198\" src=\"https:\/\/sadreseda.fr\/wp-content\/uploads\/2024\/02\/Courses.webp\" class=\"attachment-large size-large wp-image-230\" alt=\"\" \/>\t\t\t\t\t\t\t\t\t\t\t\t\t\t\t<\/div>\n\t\t\t\t<\/div>\n\t\t\t\t<\/div>\n\t\t<div class=\"elementor-element elementor-element-d4f78b7 e-con-full e-flex e-con e-child\" data-id=\"d4f78b7\" data-element_type=\"container\" data-e-type=\"container\">\n\t\t\t\t<div class=\"elementor-element elementor-element-3bcd498 elementor-widget elementor-widget-heading\" data-id=\"3bcd498\" data-element_type=\"widget\" data-e-type=\"widget\" data-widget_type=\"heading.default\">\n\t\t\t\t<div class=\"elementor-widget-container\">\n\t\t\t\t\t<h2 class=\"elementor-heading-title elementor-size-default\">Courses<\/h2>\t\t\t\t<\/div>\n\t\t\t\t<\/div>\n\t\t\t\t<div class=\"elementor-element elementor-element-8700df1 elementor-widget elementor-widget-spacer\" data-id=\"8700df1\" data-element_type=\"widget\" data-e-type=\"widget\" data-widget_type=\"spacer.default\">\n\t\t\t\t<div class=\"elementor-widget-container\">\n\t\t\t\t\t\t\t<div class=\"elementor-spacer\">\n\t\t\t<div class=\"elementor-spacer-inner\"><\/div>\n\t\t<\/div>\n\t\t\t\t\t\t<\/div>\n\t\t\t\t<\/div>\n\t\t\t\t<div class=\"elementor-element elementor-element-d034ba1 elementor-widget elementor-widget-text-editor\" data-id=\"d034ba1\" data-element_type=\"widget\" data-e-type=\"widget\" data-widget_type=\"text-editor.default\">\n\t\t\t\t<div class=\"elementor-widget-container\">\n\t\t\t\t\t\t\t\t\t<p class=\"font_8 wixui-rich-text__text\" style=\"font-size: 16px; line-height: 1.4em; text-align: justify;\"><span class=\"wixui-rich-text__text\" style=\"font-size: 16px;\">S\u2019il n\u2019existe pas de personne ressource susceptible d\u2019aider la personne, les courses d\u2019achats alimentaires peuvent \u00eatre effectu\u00e9es par l&rsquo;intervenant \u00e0 domicile, et ce \u00e0 partir du moment o\u00f9 cette aide permet r\u00e9ellement le maintien \u00e0 domicile. <\/span><\/p><p class=\"font_8 wixui-rich-text__text\" style=\"font-size: 16px; line-height: 1.4em; text-align: justify;\"><span class=\"wixui-rich-text__text\" style=\"font-size: 16px;\">Ce service ne doit pas se substituer int\u00e9gralement aux activit\u00e9s d\u2019aide-m\u00e9nag\u00e8re, sauf inscription au plan d\u2019aide.<\/span><\/p><p class=\"font_8 wixui-rich-text__text\" style=\"font-size: 16px; line-height: 1.4em; text-align: justify;\"><span class=\"wixui-rich-text__text\" style=\"font-size: 16px;\">Les courses alimentaires s\u2019effectuent dans les commerces les plus proches de votre domicile.<\/span><\/p><p class=\"font_8 wixui-rich-text__text\" style=\"font-size: 16px; line-height: 1.4em; text-align: justify;\"><span style=\"font-size: 16px; color: var( --e-global-color-text );\">Dans le seul cas de b\u00e9n\u00e9ficiaires isol\u00e9s socialement, l&rsquo;intervenant \u00e0 domicile peut r\u00e9aliser des achats autres qu\u2019alimentaires, uniquement apr\u00e8s \u00e9valuation du cadre de secteur.<\/span><\/p>\t\t\t\t\t\t\t\t<\/div>\n\t\t\t\t<\/div>\n\t\t\t\t<\/div>\n\t\t\t\t\t<\/div>\n\t\t\t\t<\/div>\n\t\t\t\t<\/div>\n\t\t","protected":false},"excerpt":{"rendered":"<p>Courses S\u2019il n\u2019existe pas de personne ressource susceptible d\u2019aider la personne, les courses d\u2019achats alimentaires peuvent \u00eatre effectu\u00e9es par l&rsquo;intervenant \u00e0 domicile, et ce \u00e0 partir du moment o\u00f9 cette aide permet r\u00e9ellement le maintien \u00e0 domicile. Ce service ne doit pas se substituer int\u00e9gralement aux activit\u00e9s d\u2019aide-m\u00e9nag\u00e8re, sauf inscription au plan d\u2019aide. Les courses [&hellip;]<\/p>\n","protected":false},"author":1,"featured_media":0,"parent":0,"menu_order":0,"comment_status":"closed","ping_status":"closed","template":"","meta":{"footnotes":""},"class_list":["post-173","page","type-page","status-publish","hentry","entry"],"_links":{"self":[{"href":"https:\/\/sadreseda.fr\/index.php\/wp-json\/wp\/v2\/pages\/173","targetHints":{"allow":["GET"]}}],"collection":[{"href":"https:\/\/sadreseda.fr\/index.php\/wp-json\/wp\/v2\/pages"}],"about":[{"href":"https:\/\/sadreseda.fr\/index.php\/wp-json\/wp\/v2\/types\/page"}],"author":[{"embeddable":true,"href":"https:\/\/sadreseda.fr\/index.php\/wp-json\/wp\/v2\/users\/1"}],"replies":[{"embeddable":true,"href":"https:\/\/sadreseda.fr\/index.php\/wp-json\/wp\/v2\/comments?post=173"}],"version-history":[{"count":10,"href":"https:\/\/sadreseda.fr\/index.php\/wp-json\/wp\/v2\/pages\/173\/revisions"}],"predecessor-version":[{"id":291,"href":"https:\/\/sadreseda.fr\/index.php\/wp-json\/wp\/v2\/pages\/173\/revisions\/291"}],"wp:attachment":[{"href":"https:\/\/sadreseda.fr\/index.php\/wp-json\/wp\/v2\/media?parent=173"}],"curies":[{"name":"wp","href":"https:\/\/api.w.org\/{rel}","templated":true}]}}