{"id":167,"date":"2024-02-08T15:40:34","date_gmt":"2024-02-08T14:40:34","guid":{"rendered":"https:\/\/sadreseda.fr\/?page_id=167"},"modified":"2024-02-08T16:28:05","modified_gmt":"2024-02-08T15:28:05","slug":"aide-a-la-mobilite","status":"publish","type":"page","link":"https:\/\/sadreseda.fr\/index.php\/aide-a-la-mobilite\/","title":{"rendered":"Aide \u00e0 la mobilit\u00e9"},"content":{"rendered":"\t\t<div data-elementor-type=\"wp-page\" data-elementor-id=\"167\" class=\"elementor elementor-167\" data-elementor-post-type=\"page\">\n\t\t\t\t<div class=\"elementor-element elementor-element-2833735 e-flex e-con-boxed e-con e-parent\" data-id=\"2833735\" data-element_type=\"container\" data-e-type=\"container\">\n\t\t\t\t\t<div class=\"e-con-inner\">\n\t\t<div class=\"elementor-element elementor-element-af8e88f e-con-full e-flex e-con e-child\" data-id=\"af8e88f\" data-element_type=\"container\" data-e-type=\"container\">\n\t\t\t\t<div class=\"elementor-element elementor-element-0ec985f elementor-widget elementor-widget-image\" data-id=\"0ec985f\" data-element_type=\"widget\" data-e-type=\"widget\" data-widget_type=\"image.default\">\n\t\t\t\t<div class=\"elementor-widget-container\">\n\t\t\t\t\t\t\t\t\t\t\t\t\t\t\t<img fetchpriority=\"high\" decoding=\"async\" width=\"299\" height=\"196\" src=\"https:\/\/sadreseda.fr\/wp-content\/uploads\/2024\/02\/Aide-a-la-mobilite.webp\" class=\"attachment-large size-large wp-image-228\" alt=\"\" \/>\t\t\t\t\t\t\t\t\t\t\t\t\t\t\t<\/div>\n\t\t\t\t<\/div>\n\t\t\t\t<\/div>\n\t\t<div class=\"elementor-element elementor-element-b5588c6 e-con-full e-flex e-con e-child\" data-id=\"b5588c6\" data-element_type=\"container\" data-e-type=\"container\">\n\t\t\t\t<div class=\"elementor-element elementor-element-867c274 elementor-widget elementor-widget-heading\" data-id=\"867c274\" data-element_type=\"widget\" data-e-type=\"widget\" data-widget_type=\"heading.default\">\n\t\t\t\t<div class=\"elementor-widget-container\">\n\t\t\t\t\t<h2 class=\"elementor-heading-title elementor-size-default\">Aides \u00e0 la mobilit\u00e9 et aux d\u00e9placements<\/h2>\t\t\t\t<\/div>\n\t\t\t\t<\/div>\n\t\t\t\t<div class=\"elementor-element elementor-element-cd0ba2b elementor-widget elementor-widget-spacer\" data-id=\"cd0ba2b\" data-element_type=\"widget\" data-e-type=\"widget\" data-widget_type=\"spacer.default\">\n\t\t\t\t<div class=\"elementor-widget-container\">\n\t\t\t\t\t\t\t<div class=\"elementor-spacer\">\n\t\t\t<div class=\"elementor-spacer-inner\"><\/div>\n\t\t<\/div>\n\t\t\t\t\t\t<\/div>\n\t\t\t\t<\/div>\n\t\t\t\t<div class=\"elementor-element elementor-element-2acb5e6 elementor-widget elementor-widget-text-editor\" data-id=\"2acb5e6\" data-element_type=\"widget\" data-e-type=\"widget\" data-widget_type=\"text-editor.default\">\n\t\t\t\t<div class=\"elementor-widget-container\">\n\t\t\t\t\t\t\t\t\t<p><span class=\"wixui-rich-text__text\" style=\"font-size: 16px;\">L&rsquo;intervenant \u00e0 domicile vous aide au quotidien pour vos d\u00e9placements \u00e0 l&rsquo;int\u00e9rieur et\/ou \u00e0 l&rsquo;ext\u00e9rieur du domicile : lever, coucher, transferts, marche, conduite chez le m\u00e9decin&#8230; tout en garantissant votre s\u00e9curit\u00e9 et en favorisant votre autonomie.<\/span><\/p>\t\t\t\t\t\t\t\t<\/div>\n\t\t\t\t<\/div>\n\t\t\t\t<\/div>\n\t\t\t\t\t<\/div>\n\t\t\t\t<\/div>\n\t\t\t\t<\/div>\n\t\t","protected":false},"excerpt":{"rendered":"<p>Aides \u00e0 la mobilit\u00e9 et aux d\u00e9placements L&rsquo;intervenant \u00e0 domicile vous aide au quotidien pour vos d\u00e9placements \u00e0 l&rsquo;int\u00e9rieur et\/ou \u00e0 l&rsquo;ext\u00e9rieur du domicile : lever, coucher, transferts, marche, conduite chez le m\u00e9decin&#8230; tout en garantissant votre s\u00e9curit\u00e9 et en favorisant votre autonomie.<\/p>\n","protected":false},"author":1,"featured_media":0,"parent":0,"menu_order":0,"comment_status":"closed","ping_status":"closed","template":"","meta":{"footnotes":""},"class_list":["post-167","page","type-page","status-publish","hentry","entry"],"_links":{"self":[{"href":"https:\/\/sadreseda.fr\/index.php\/wp-json\/wp\/v2\/pages\/167","targetHints":{"allow":["GET"]}}],"collection":[{"href":"https:\/\/sadreseda.fr\/index.php\/wp-json\/wp\/v2\/pages"}],"about":[{"href":"https:\/\/sadreseda.fr\/index.php\/wp-json\/wp\/v2\/types\/page"}],"author":[{"embeddable":true,"href":"https:\/\/sadreseda.fr\/index.php\/wp-json\/wp\/v2\/users\/1"}],"replies":[{"embeddable":true,"href":"https:\/\/sadreseda.fr\/index.php\/wp-json\/wp\/v2\/comments?post=167"}],"version-history":[{"count":4,"href":"https:\/\/sadreseda.fr\/index.php\/wp-json\/wp\/v2\/pages\/167\/revisions"}],"predecessor-version":[{"id":278,"href":"https:\/\/sadreseda.fr\/index.php\/wp-json\/wp\/v2\/pages\/167\/revisions\/278"}],"wp:attachment":[{"href":"https:\/\/sadreseda.fr\/index.php\/wp-json\/wp\/v2\/media?parent=167"}],"curies":[{"name":"wp","href":"https:\/\/api.w.org\/{rel}","templated":true}]}}